{"id":233,"date":"2019-02-11T09:44:04","date_gmt":"2019-02-11T08:44:04","guid":{"rendered":"https:\/\/afaescolalamitjana.cat\/ampa\/?page_id=233"},"modified":"2025-01-09T13:03:44","modified_gmt":"2025-01-09T12:03:44","slug":"menjador","status":"publish","type":"page","link":"https:\/\/afaescolalamitjana.cat\/ampa\/menjador\/","title":{"rendered":"Menjador"},"content":{"rendered":"\r\n<p>L\u2019empresa que fa el servei \u00e9s <strong>SERCODAGA (973 257 043)<\/strong><\/p>\r\n\r\n\r\n\r\n<p><strong>HORARIS DE MENJADOR<\/strong><\/p>\r\n<ul>\r\n<li>12:30h \ud83d\udd5b a 13:10h\u00a0 \ud83d\udd50\u00a0 \u00a0<strong>I3, 1r i 2n<\/strong><\/li>\r\n<li>13:15h \ud83d\udd5b a 13:50h\u00a0 \ud83d\udd50\u00a0 \u00a0<strong>I4, 3r i 5\u00e8<\/strong><\/li>\r\n<li>14:00h \ud83d\udd50 a 14:45h\u00a0 \ud83d\udd51\u00a0 \u00a0<strong>I5, 4t i 6\u00e8<\/strong><\/li>\r\n<\/ul>\r\n<p>&nbsp;<\/p>\r\n<p><strong>Durant la jornada intensiva (del 9 al 20 de juny)<\/strong><\/p>\r\n<ul>\r\n<li>13:00h \ud83d\udd5b a 14:00h\u00a0 \ud83d\udd50\u00a0 \u00a0<strong>I3, I4, 1r, 2n i 3r<\/strong><\/li>\r\n<li>14:00h \ud83d\udd5b a 14:40h\u00a0 \ud83d\udd50\u00a0 \u00a0<strong>I5, 4t, 5\u00e8 i 6\u00e8<\/strong><\/li>\r\n<\/ul>\r\n<p><br \/>Despr\u00e9s de dinar, els alumnes d&#8217;I3 fan la migdiada, un grup a l\u2019aula i l\u2019altre (m\u00e9s nombr\u00f3s) a la sala de psicomotricitat.<\/p>\r\n<p>Cada grup estable tindr\u00e0 el seu monitor\/a en la zona de menjador(sempre la mateixa) on estar\u00e0 ubicat.<br \/>Tamb\u00e9 us volem informar, que aquest curs, <strong>NO S\u2019ATENDR\u00c0 DE FORMA PRESENCIAL<\/strong> (ni els pagaments de menjador ni d&#8217;acollida).<\/p>\r\n<p>Per qualsevol gesti\u00f3 o consulta, haureu de trucar al n\u00famero de tel\u00e8fon seg\u00fcent: <strong>ATENCI\u00d3 MENJADOR: 660172880<\/strong><\/p>\r\n<p><strong>HORARI D\u2019ATENCI\u00d3 TELEF\u00d2NICA:<\/strong><\/p>\r\n<ul>\r\n<li>Matins: de 9h a 11h<\/li>\r\n<li>Migdia: de 12h a 15h.<\/li>\r\n<\/ul>\r\n<p>A continuaci\u00f3 us posem l\u2019enlla\u00e7 de les normes de l\u2019empresa Sercodaga:.<\/p>\r\n<h4><a href=\"https:\/\/afaescolalamitjana.cat\/wp-content\/uploads\/2025\/01\/Normes-funcionament-24-25-Esc.-La-Mitjana.pdf\">Normes funcionament 24-25- Esc. La Mitjana<\/a><a href=\"https:\/\/afaescolalamitjana.cat\/wp-content\/uploads\/2024\/05\/Normes-funcionament-23-24.pdf\">-25<\/a><\/h4>\r\n<p>I m\u00e9s informaci\u00f3 al seg\u00fcent d\u00edptic:<\/p>\r\n<h3><a href=\"https:\/\/afaescolalamitjana.cat\/ampa\/wp-content\/uploads\/2022\/02\/Diptic-portes-obertes.pdf\" target=\"_blank\" rel=\"noopener\"><strong>Coneix m\u00e9s sobre el<\/strong> menjador<\/a><\/h3>\r\n<p>Per qualsevol dubte estem a la vostra disposici\u00f3.<\/p>\r\n<p>AFA i Equip de mestres de l\u2019Escola La Mitjana<\/p>\r\n<p>&nbsp;<\/p>\r\n\r\n\r\n\r\n<p>&nbsp;<\/p>\r\n\r\n\r\n\r\n<p>&nbsp;<\/p>\r\n\r\n\r\n\r\n<p>&nbsp;<\/p>\r\n\r\n\r\n","protected":false},"excerpt":{"rendered":"<p>L\u2019empresa que fa el servei \u00e9s SERCODAGA (973 257 043) [&hellip;]<\/p>\n","protected":false},"author":1,"featured_media":0,"parent":0,"menu_order":0,"comment_status":"closed","ping_status":"closed","template":"","meta":{"advanced_seo_description":"","jetpack_seo_html_title":"","jetpack_seo_noindex":false,"jetpack_post_was_ever_published":false,"footnotes":""},"class_list":["post-233","page","type-page","status-publish","hentry"],"jetpack_likes_enabled":true,"jetpack_sharing_enabled":true,"jetpack-related-posts":[],"rttpg_featured_image_url":null,"rttpg_author":{"display_name":"Administrador","author_link":"https:\/\/afaescolalamitjana.cat\/ampa\/author\/administrador\/"},"rttpg_comment":0,"rttpg_category":null,"rttpg_excerpt":"L\u2019empresa que fa el servei \u00e9s SERCODAGA (973 257 043) [&hellip;]","_links":{"self":[{"href":"https:\/\/afaescolalamitjana.cat\/ampa\/wp-json\/wp\/v2\/pages\/233","targetHints":{"allow":["GET"]}}],"collection":[{"href":"https:\/\/afaescolalamitjana.cat\/ampa\/wp-json\/wp\/v2\/pages"}],"about":[{"href":"https:\/\/afaescolalamitjana.cat\/ampa\/wp-json\/wp\/v2\/types\/page"}],"author":[{"embeddable":true,"href":"https:\/\/afaescolalamitjana.cat\/ampa\/wp-json\/wp\/v2\/users\/1"}],"replies":[{"embeddable":true,"href":"https:\/\/afaescolalamitjana.cat\/ampa\/wp-json\/wp\/v2\/comments?post=233"}],"version-history":[{"count":31,"href":"https:\/\/afaescolalamitjana.cat\/ampa\/wp-json\/wp\/v2\/pages\/233\/revisions"}],"predecessor-version":[{"id":3540,"href":"https:\/\/afaescolalamitjana.cat\/ampa\/wp-json\/wp\/v2\/pages\/233\/revisions\/3540"}],"wp:attachment":[{"href":"https:\/\/afaescolalamitjana.cat\/ampa\/wp-json\/wp\/v2\/media?parent=233"}],"curies":[{"name":"wp","href":"https:\/\/api.w.org\/{rel}","templated":true}]}}