{"id":3,"date":"2019-02-07T15:24:07","date_gmt":"2019-02-07T14:24:07","guid":{"rendered":"http:\/\/ampaescolalamitjana.org\/ampa\/?page_id=3"},"modified":"2020-06-23T09:40:25","modified_gmt":"2020-06-23T07:40:25","slug":"politica-de-privadesa","status":"publish","type":"page","link":"https:\/\/afaescolalamitjana.cat\/ampa\/afa\/politica-de-privadesa\/","title":{"rendered":"Av\u00eds Legal i Pol\u00edtica de Privacitat"},"content":{"rendered":"<h2 style=\"font-weight: 400;\"><strong>AV\u00cdS LEGAL<\/strong><\/h2>\n<p>Aquesta p\u00e0gina Web \u00e9s propietat de AMPA ESCOLA LA MITJANA amb NIF n\u00ba G25670779 i domicili a JOSEP PALLACH, S\/N ( 25005 Lleida ) i Inscrita en la Secci\u00f3 1a del Registre d\u2019Associacions de la Generalitat amb el n\u00famero 37188.<\/p>\n<p>Per a qualsevol consulta o proposta, contacti&#8217;ns a l&#8217;e-mail <a href=\"mailto:ampa@ampaescolalamitjana.cat\">ampa@ampaescolalamitjana.cat<\/a>.<\/p>\n<p>Aquesta p\u00e0gina Web es regeix per la normativa exclusivament aplicable a Espanya, quedant sotmesa a ella, tant nacionals com estrangers que utilitzin aquesta Web.<\/p>\n<p>L&#8217;acc\u00e9s a la nostra p\u00e0gina Web per part de l&#8217;USUARI \u00e9s gratu\u00eft i est\u00e0 condicionat a la pr\u00e8via lectura i acceptaci\u00f3 integra, expressa i sense reserves de les presents <strong>CONDICIONS GENERALS D&#8217;\u00daS<\/strong> vigents al moment de l&#8217;acc\u00e9s, que preguem llegeixi detingudament. L&#8217;USUARI, en el moment que utilitza el nostre portal, els seus continguts o serveis, <strong>accepta i es sotmet expressament a les condicions generals d&#8217;\u00fas del mateix<\/strong>. Si l&#8217;usuari no estigu\u00e9s d&#8217;acord amb les presents condicions d&#8217;\u00fas, haur\u00e0 d&#8217;abstenir-se d&#8217;utilitzar aquest portal i operar per mitj\u00e0 del mateix.<\/p>\n<p>El subministrament de dades personals i la compra de productes a trav\u00e9s del nostre portal requereix una <strong>edat m\u00ednima de 14 anys<\/strong>, o si escau, disposar de capacitat jur\u00eddica suficient per contractar.<\/p>\n<p>A qualsevol moment podrem modificar la presentaci\u00f3 i configuraci\u00f3 de la nostra Web, ampliar o reduir serveis, i fins i tot suprimir-la de la Xarxa, aix\u00ed com els serveis i continguts prestats, tot aix\u00f2 de forma unilateral i sense previ av\u00eds.<\/p>\n<p>&nbsp;<\/p>\n<ul>\n<li><strong>Propietat Intel\u00b7lectual<\/strong><\/li>\n<\/ul>\n<p><strong>\u00a0<\/strong><\/p>\n<p>Tots els continguts, textos, imatges, i codis font s\u00f3n propietat de AMPA ESCOLA LA MITJANA o de tercers dels quals s&#8217;han adquirit els seus drets d&#8217;explotaci\u00f3, i estan protegits pels drets de Propietat Intel\u00b7lectual i Industrial.<\/p>\n<p>L&#8217;usuari \u00fanicament t\u00e9 dret a un \u00fas privat dels mateixos, sense \u00e0nim de lucre, i necessita autoritzaci\u00f3 expressa per modificar-los, reproduir-los, explotar-los, distribuir-los o qualsevol dret pertanyent al seu titular.<\/p>\n<p>AMPA ESCOLA LA MITJANA \u00e9s una marca registrada, i est\u00e0 prohibida la seva reproducci\u00f3, imitaci\u00f3, utilitzaci\u00f3 o inserci\u00f3 sense la nostra deguda autoritzaci\u00f3.<\/p>\n<p>L&#8217;establiment d&#8217;enlla\u00e7os al nostre portal no confereix cap dret sobre el mateix. Aix\u00ed mateix, el simple fet d&#8217;establir un enlla\u00e7 a la nostra p\u00e0gina web no d\u00f3na dret a atorgar-se la categoria de col\u00b7laborador o soci.<\/p>\n<p>AMPA ESCOLA LA MITJANA queda exonerat de responsabilitat per qualsevol reclamaci\u00f3 respecte als drets de propietat intel\u00b7lectual dels articles i imatges publicades per tercers al seu portal.<\/p>\n<p>Est\u00e0 absolutament prohibida la imitaci\u00f3 ja sigui total o parcial del nostre portal.<\/p>\n<p>&nbsp;<\/p>\n<p>&nbsp;<\/p>\n<ul>\n<li><strong>Condicions d&#8217;Acc\u00e9s<\/strong><\/li>\n<\/ul>\n<p><strong>\u00a0<\/strong><\/p>\n<p>L&#8217;acc\u00e9s a la nostra p\u00e0gina Web \u00e9s gratu\u00eft i no exigeix pr\u00e8via subscripci\u00f3 o registre.<\/p>\n<p>L&#8217;enviament de dades personals implica l&#8217;acceptaci\u00f3 expressa per part de l&#8217;USUARI de la nostra pol\u00edtica de privacitat.<\/p>\n<p>L&#8217;usuari ha d&#8217;accedir a la nostra p\u00e0gina Web conforme a la bona fe i les normes d&#8217;ordre p\u00fablic a les presents Condicions Generals d&#8217;\u00fas. L&#8217;acc\u00e9s al nostre lloc web es realitza sota la pr\u00f2pia i exclusiva responsabilitat de l&#8217;usuari, que respondr\u00e0 en tot cas dels danys i perjudicis que pugui causar a tercers o a nosaltres mateixos.<\/p>\n<p>L&#8217;usuari t\u00e9 expressament prohibit la utilitzaci\u00f3 i obtenci\u00f3 dels serveis, productes i continguts oferts a la present p\u00e0gina web, per procediments diferents als estipulats en les presents condicions d&#8217;\u00fas, i, si escau, en les condicions particulars que regulin l&#8217;adquisici\u00f3 de determinats productes.<\/p>\n<p>L&#8217;USUARI t\u00e9 prohibit qualsevol tipus d&#8217;acci\u00f3 sobre el nostre portal que origini una excessiva sobrec\u00e0rrega de funcionament als nostres sistemes inform\u00e0tics, aix\u00ed com la introducci\u00f3 de virus, o instal\u00b7laci\u00f3 de robots, o programari que alteri el normal funcionament de la nostra web. En definitiva, qualsevol tipus d\u2019acci\u00f3 que pugui causar danys als nostres sistemes inform\u00e0tics.<\/p>\n<p>Tenint en compte la impossibilitat de control respecte a la informaci\u00f3, continguts i serveis que continguin altres websites a les quals es pugui accedir a trav\u00e9s dels enlla\u00e7os que la nostra p\u00e0gina web pugui posar a la seva disposici\u00f3, li comuniquem que NOM CLIENT queda eximida de qualsevol responsabilitat pels danys i perjudicis de tota classe que poguessin derivar per la utilitzaci\u00f3 d&#8217;aquestes p\u00e0gines web alienes a la nostra empresa per part de l&#8217;usuari.<\/p>\n<p>NOM CLIENT es reserva el dret unilateral i sense preav\u00eds de donar de baixa a qualsevol USUARI que l&#8217;organitzaci\u00f3 entengui que ha vulnerat les condicions que regeixen l&#8217;\u00fas de la nostra p\u00e0gina web, sense que l&#8217;USUARI tingui dret a reclamaci\u00f3 de cap tipus per aquestes accions. Aix\u00ed mateix, es reserva el dret d&#8217;exercitar les accions legals oportunes contra aquells que vulnerin les presents condicions generals d&#8217;\u00fas, acceptant l&#8217;USUARI que la no iniciaci\u00f3 d&#8217;aquestes accions no constitueix una ren\u00fancia formal a les mateixes, romanent aquestes vigents fins als terminis legals de prescripci\u00f3 de les infraccions.<\/p>\n<p>&nbsp;<\/p>\n<ul>\n<li><strong> Pol\u00edtica de Privacitat<\/strong><\/li>\n<\/ul>\n<p><strong>\u00a0<\/strong><\/p>\n<p>La confidencialitat i la seguretat s\u00f3n valors primordials de AMPA ESCOLA LA MITJANA i, en conseq\u00fc\u00e8ncia, assumim el comprom\u00eds de garantir la privadesa de l&#8217;Usuari a tot moment i de no recaptar informaci\u00f3 innecess\u00e0ria.<\/p>\n<p>El subministrament de dades personals a trav\u00e9s del nostre portal requereix una edat m\u00ednima de 14 anys i l&#8217;acceptaci\u00f3 expressa de la nostra pol\u00edtica de privacitat.<\/p>\n<p>&nbsp;<\/p>\n<ul>\n<li><strong> Responsabilitats<\/strong><\/li>\n<\/ul>\n<p>En posar a la disposici\u00f3 de l&#8217;usuari aquesta p\u00e0gina Web volem oferir-li un servei de qualitat, utilitzant la m\u00e0xima dilig\u00e8ncia en la prestaci\u00f3 del mateix aix\u00ed com en els mitjans tecnol\u00f2gics utilitzats. No obstant aix\u00f2, no respondrem de la pres\u00e8ncia de virus i altres elements que d&#8217;alguna manera puguin danyar el sistema inform\u00e0tic de l&#8217;usuari.<\/p>\n<p>AMPA ESCOLA LA MITJANA no garanteix que la disponibilitat del servei sigui cont\u00ednua i ininterrompuda, per circumst\u00e0ncies originades per problemes a la xarxa d&#8217;Internet, avaries en els dispositius inform\u00e0tics o altres circumst\u00e0ncies imprevisibles, de manera que l&#8217;USUARI accepta suportar dins d&#8217;uns l\u00edmits raonables aquestes circumst\u00e0ncies, per la qual cosa renuncia expressament a reclamar a AMPA ESCOLA LA MITJANA qualsevol responsabilitat per les possibles fallades, errors i \u00fas del servei.<\/p>\n<p>L&#8217;usuari assumeix tota la responsabilitat derivada de l&#8217;\u00fas de la nostra p\u00e0gina web, sent l&#8217;\u00fanic responsable de tot efecte directe o indirecte que sobre la p\u00e0gina web es derivi, incloent, de forma enunciativa i no limitativa, tot resultat econ\u00f2mic, t\u00e8cnic i\/o jur\u00eddic advers, aix\u00ed com la defraudaci\u00f3 de les expectatives generades pel nostre portal, obligant-se l&#8217;usuari a mantenir indemne a AMPA ESCOLA LA MITJANA per qualssevol reclamacions derivades, directa o indirectament de tals fets.<\/p>\n<p>AMPA ESCOLA LA MITJANA no garanteix l&#8217;exactitud, veracitat i vig\u00e8ncia dels continguts d&#8217;aquesta p\u00e0gina web, ja siguin propis, de tercers, o enlla\u00e7ables a altres webs, quedant totalment exonerada de qualsevol responsabilitat derivada de l&#8217;\u00fas d&#8217;aquests.<\/p>\n<p>AMPA ESCOLA LA MITJANA queda exonerat de qualsevol responsabilitat derivada de qualsevol reclamaci\u00f3, incl\u00f2s el pagament d&#8217;honoraris a advocats, per les demandes i reclamacions originades per tercers per l&#8217;incompliment per part de l&#8217;USUARI de les nostres condicions d&#8217;\u00fas, acc\u00e9s i pol\u00edtica de privadesa, o qualsevol altra reclamaci\u00f3 per l&#8217;incompliment de la legislaci\u00f3 vigent.<\/p>\n<p>L&#8217;USUARI reconeix que ha ent\u00e8s tota la informaci\u00f3 respecte a les condicions d&#8217;\u00fas del nostre portal, i reconeix que s\u00f3n suficients per a l&#8217;exclusi\u00f3 de l&#8217;error en aquestes, i per tant, les accepta \u00edntegra i expressament.<\/p>\n<p>L&#8217;USUARI \u00e9s plenament conscient que la mera navegaci\u00f3 per la present p\u00e0gina web, aix\u00ed com la utilitzaci\u00f3 dels seus serveis, implica l&#8217;acceptaci\u00f3 de les presents condicions d&#8217;\u00fas.<\/p>\n<p>Tot el referent a la nostra p\u00e0gina web, es regeix exclusivament per les lleis espanyoles. En el cas que es produeixi qualsevol tipus de discrep\u00e0ncia o difer\u00e8ncia entre les parts en relaci\u00f3 amb la interpretaci\u00f3 i contingut de la present p\u00e0gina web, totes les parts se sotmeten, amb ren\u00fancia expressa a qualsevol altre fur, als Jutjats i Tribunals de Lleida.<\/p>\n<ul>\n<li><strong> Vig\u00e8ncia de les condicions generals d&#8217;acc\u00e9s a la web<\/strong><\/li>\n<\/ul>\n<p>Les presents Condicions Generals d&#8217;\u00fas han estat modificades amb data 23 de juny de 2020.A qualsevol moment podem procedir a la seva modificaci\u00f3. Per favor, comprovi la data d&#8217;emissi\u00f3 en cada ocasi\u00f3 en qu\u00e8 es connecti a la nostra p\u00e0gina Web i aix\u00ed tindr\u00e0 la certesa que no s&#8217;ha produ\u00eft modificaci\u00f3 alguna que li afecti.<\/p>\n<p>Per a qualsevol q\u00fcesti\u00f3 respecte a les Condicions d&#8217;\u00das de la nostra p\u00e0gina web, pot posar-se en contacte amb nosaltres amb les dades a dalt indicades, o amb Lant Advocats en <a href=\"mailto:info@lant-advocats.com\">info@lant-advocats.com<\/a> o en <a href=\"http:\/\/www.lant-abogados.com\/\">www.lant-abogados.com<\/a>.<\/p>\n<p>&nbsp;<\/p>\n<h2><strong>POL\u00cdTICA DE PRIVACITAT<\/strong><\/h2>\n<p>La confidencialitat i la seguretat s\u00f3n valors primordials de AMPA ESCOLA LA MITJANA i, en conseq\u00fc\u00e8ncia, assumim el comprom\u00eds de garantir la privacitat de l&#8217;usuari a tot moment i de no recaptar informaci\u00f3 innecess\u00e0ria sobre l&#8217;Usuari. A continuaci\u00f3, li proporcionem tota la informaci\u00f3 necess\u00e0ria sobre la nostra Pol\u00edtica de Privadesa en relaci\u00f3 amb les dades personals que recaptem, explicant-li:<\/p>\n<ul>\n<li>Qui \u00e9s el responsable del tractament de les seves dades.<\/li>\n<li>Para quines finalitats recaptem les dades que li sol\u00b7licitem.<\/li>\n<li>Quin \u00e9s la legitimaci\u00f3 per al seu tractament.<\/li>\n<li>Durant quant temps els conservem.<\/li>\n<li>A quins destinataris es comuniquen les seves dades.<\/li>\n<li>Quins s\u00f3n els seus drets.<\/li>\n<\/ul>\n<p>&nbsp;<\/p>\n<ol>\n<li><strong>Responsable<\/strong>:<\/li>\n<\/ol>\n<p>AMPA ESCOLA LA MITJANA (G25670779)<\/p>\n<p>JOSEP PALLACH, S\/N, 25005<\/p>\n<p>LLEIDA<\/p>\n<p><a href=\"mailto:ampa@ampaescolalamitjana.cat\">ampa@ampaescolalamitjana.cat<\/a><\/p>\n<ol>\n<li><strong>Finalitats, legitimaci\u00f3 i conservaci\u00f3 dels tractaments de les dades enviades a trav\u00e9s de:<\/strong><\/li>\n<\/ol>\n<ul>\n<li>FORMULARI DE CONTACTE.<\/li>\n<\/ul>\n<p><strong>Finalitat:<\/strong> Facilitar-li un mitj\u00e0 perqu\u00e8 pugui posar-se en contacte amb nosaltres i contestar a les seves sol\u00b7licituds d&#8217;informaci\u00f3, aix\u00ed com enviar-li comunicacions dels nostres productes, serveis i activitats, inclusivament per mitjans electr\u00f2nics, si marca la casella d&#8217;acceptaci\u00f3.<\/p>\n<p><strong>Legitimaci\u00f3:<\/strong> El consentiment de l&#8217;usuari en sol\u00b7licitar-nos informaci\u00f3 a trav\u00e9s del nostre formulari de contactes i en marcar la casella d&#8217;acceptaci\u00f3 d&#8217;enviament d&#8217;informaci\u00f3.<\/p>\n<p><strong>Conservaci\u00f3:<\/strong> Una vegada resulta la seva sol\u00b7licitud per mitj\u00e0 del nostre formulari o contestada per correu electr\u00f2nic, si no ha generat un nou tractament, i en cas d&#8217;haver acceptat rebre enviaments comercials, fins que sol\u00b7liciti la baixa d&#8217;aquests.<\/p>\n<ul>\n<li>ENVIAMENT DE CORREUS ELECTR\u00d2NICS.<\/li>\n<\/ul>\n<p><strong>Finalitat:<\/strong> Contestar a les seves sol\u00b7licituds d&#8217;informaci\u00f3, atendre les seves peticions i respondre les seves consultes o dubtes.<\/p>\n<p><strong>Legitimaci\u00f3:<\/strong> El consentiment de l&#8217;usuari en sol\u00b7licitar-nos informaci\u00f3 a trav\u00e9s de l&#8217;adre\u00e7a de correu electr\u00f2nic.<\/p>\n<p><strong>Conservaci\u00f3:<\/strong> Una vegada resulta contestada la seva petici\u00f3 per correu electr\u00f2nic, si no ha generat un nou tractament.<\/p>\n<ul>\n<li>ENVIAMENT DEL CURR\u00cdCULUM VITAE PER CORREU ELECTR\u00d2NIC <strong>Finalitat:<\/strong> Disposar del seu curr\u00edculum per participar en els nostres processos de selecci\u00f3 de personal.<\/li>\n<\/ul>\n<p><strong>Legitimaci\u00f3:<\/strong> El consentiment de l&#8217;usuari en remetre&#8217;ns la seva informaci\u00f3 personal i curr\u00edculum per als nostres processos de selecci\u00f3 de personal.<\/p>\n<p><strong>Conservaci\u00f3:<\/strong> Durant el desenvolupament dels processos de selecci\u00f3 de personal oberts i durant 1 any per a futurs processos.<\/p>\n<ul>\n<li>SUBSCRIPCI\u00d3 A NOSTRA NEWSLETTER<\/li>\n<\/ul>\n<p><strong>Finalitat:<\/strong> Enviament del nostre butllet\u00ed comercial i de comunicacions informatives i publicit\u00e0ries sobre els nostres productes o serveis que siguin del seu inter\u00e8s, fins i tot per mitjans electr\u00f2nics.<\/p>\n<p><strong>Legitimaci\u00f3:<\/strong> El consentiment de l&#8217;usuari en subscriure&#8217;s als nostres enviaments comercials i\/o newsletters.<\/p>\n<p><strong>Conservaci\u00f3:<\/strong> Fins que l&#8217;interessat arrebossat el consentiment i sol\u00b7liciti la baixa del servei.<\/p>\n<ul>\n<li>FORMULARI DE COMENTARIS<\/li>\n<\/ul>\n<p><strong>Finalitat:<\/strong> Publicar el seu comentari en les seccions habilitades de la p\u00e0gina web.<\/p>\n<p><strong>Legitimaci\u00f3:<\/strong> Consentiment de l&#8217;interessat en enviar les seves dades personals i comentaris en la publicaci\u00f3 corresponent.<\/p>\n<p><strong>Conservaci\u00f3:<\/strong> Mentre la publicaci\u00f3 en la secci\u00f3 habilitada estigui publicada en la p\u00e0gina web.<\/p>\n<ul>\n<li>FORMULARI DE COMPRA.<\/li>\n<\/ul>\n<p><strong>Finalitat:<\/strong> Gestionar les seves comandes de compra i informar-lo dels nostres productes i serveis, inclusivament per mitjans electr\u00f2nics.<\/p>\n<p><strong>Legitimaci\u00f3:<\/strong> Execuci\u00f3 del contracte de venda i inter\u00e8s leg\u00edtim per a informar els nostres clients sobre els nostres productes i serveis.<\/p>\n<p><strong>Conservaci\u00f3:<\/strong> Mentre duri la relaci\u00f3 contractual i, finalitzada aquesta, durant els terminis de conservaci\u00f3 exigits legalment per a atendre eventuals responsabilitats i posteriorment durant els terminis legalment previstos.<\/p>\n<p>&nbsp;<\/p>\n<p><strong>Obligaci\u00f3 de facilitar-nos les seves dades personals i conseq\u00fc\u00e8ncies de no fer-ho.<\/strong><\/p>\n<p>El subministrament de dades personals requereix una edat m\u00ednima de 14 anys, o si escau, disposar de capacitat jur\u00eddica suficient per contractar.<\/p>\n<p>Les dades personals sol\u00b7licitades s\u00f3n necess\u00e0ries per gestionar les seves sol\u00b7licituds i\/o prestar-li els serveis que pugui contractar, per la qual cosa, si no ens els facilita, no podrem atendre-li correctament ni prestar-li el servei que ha sol\u00b7licitat.<\/p>\n<ol start=\"2\">\n<li><strong>Destinataris de les seves dades<\/strong><\/li>\n<\/ol>\n<p>Les seves dades s\u00f3n confidencials i no se cediran a tercers, tret que existeixi obligaci\u00f3 legal.<\/p>\n<ol start=\"3\">\n<li><strong>Drets en relaci\u00f3 amb les seves dades personals<\/strong><\/li>\n<\/ol>\n<p>Qualsevol persona pot retirar el seu consentiment a qualsevol moment, quan el mateix s&#8217;hagi atorgat per al tractament de les seves dades. En cap cas, la retirada d&#8217;aquest consentiment condiciona l&#8217;execuci\u00f3 del contracte de subscripci\u00f3 o les relacions generades amb anterioritat.<\/p>\n<p>Igualment, pot exercir els seg\u00fcents drets:<\/p>\n<ul>\n<li>Sol\u00b7licitar l&#8217;acc\u00e9s a les seves dades personals o la seva rectificaci\u00f3 quan siguin inexactes.<\/li>\n<li>Sol\u00b7licitar la seva supressi\u00f3 quan, entre altres motius, les dades ja no siguin necessaris per a les finalitats pels quals van ser recollits.<\/li>\n<li>Sol\u00b7licitar la limitaci\u00f3 del seu tractament en determinades circumst\u00e0ncies.<\/li>\n<li>Sol\u00b7licitar l&#8217;oposici\u00f3 al tractament de les seves dades per motius relacionats amb la seva situaci\u00f3 particular.<\/li>\n<li>Sol\u00b7licitar la portabilitat de les dades en els casos previstos en la normativa.<\/li>\n<li>Altres drets reconeguts en les normatives aplicables.<\/li>\n<\/ul>\n<p>On i com sol\u00b7licitar els seus Drets: Mitjan\u00e7ant un escrit dirigit al responsable a la seva adre\u00e7a postal o electr\u00f2nica (indicades a l&#8217;apartat A), indicant la referencia &#8220;Dades Personals&#8221;, especificant el dret que es vol exercir i respecte a quines dades personals.<\/p>\n<p>En cas de diverg\u00e8ncies amb l&#8217;empresa en relaci\u00f3 amb el tractament de les seves dades, pot presentar una reclamaci\u00f3 davant l&#8217;Autoritat de Protecci\u00f3 de Dades (<a href=\"http:\/\/www.agpd.es\/\">www.agpd.es<\/a>).<\/p>\n<ol start=\"4\">\n<li><strong>Cookies<\/strong><\/li>\n<\/ol>\n<p>Aquesta p\u00e0gina web \u00fanicament utilitza cookies que permeten el funcionament i la prestaci\u00f3 dels serveis oferts en la mateixa i que en cap cas tracten dades de connexi\u00f3 i\/o dels dispositius ni capten h\u00e0bits de navegaci\u00f3 per a fins publicitaris. Per aix\u00f2, no es requereix, d&#8217;acord amb l&#8217;article 22 de la Llei de Serveis de la Societat de la Informaci\u00f3, el seu consentiment per a la seva instal\u00b7laci\u00f3 temporal durant la seva sessi\u00f3 de navegaci\u00f3.<\/p>\n<ol start=\"5\">\n<li><strong>Seguretat de les seves dades personals<\/strong><\/li>\n<\/ol>\n<p>Amb l&#8217;objectiu de salvaguardar la seguretat de les seves dades personals, l&#8217;informem que hem adoptat totes les mesures d&#8217;\u00edndole t\u00e8cnica i organitzativa necess\u00e0ries per garantir la seguretat de les dades personals subministrades de la seva alteraci\u00f3, p\u00e8rdua, i tractaments o accessos no autoritzats.<\/p>\n<ol start=\"6\">\n<li><strong>Actualitzaci\u00f3 de les seves dades<\/strong><\/li>\n<\/ol>\n<p>\u00c9s important que perqu\u00e8 puguem mantenir les seves dades personals actualitzades, ens informi sempre que hi hagi hagut alguna modificaci\u00f3 en ells, en cas contrari, no responem de la veracitat d&#8217;aquests.<\/p>\n<p>No ens fem responsables de la pol\u00edtica de privadesa respecte a les dades personals que pugui facilitar a tercers per mitj\u00e0 dels enlla\u00e7os disponibles a la nostra p\u00e0gina web.<\/p>\n<p>La present Pol\u00edtica de Privadesa pot ser modificada per adaptar-les als canvis que es produeixi a la nostra web, aix\u00ed com modificacions legislatives o jurisprudencials sobre dades personals que vagin apareixent, per la qual cosa exigeix la seva lectura, cada vegada que ens faciliti les seves dades a trav\u00e9s d&#8217;aquesta Web.<\/p>\n<p>&nbsp;<\/p>\n","protected":false},"excerpt":{"rendered":"<p>AV\u00cdS LEGAL Aquesta p\u00e0gina Web \u00e9s propietat de AMPA ESCOLA [&hellip;]<\/p>\n","protected":false},"author":1,"featured_media":0,"parent":54,"menu_order":0,"comment_status":"closed","ping_status":"closed","template":"","meta":{"advanced_seo_description":"","jetpack_seo_html_title":"","jetpack_seo_noindex":false,"footnotes":""},"class_list":["post-3","page","type-page","status-publish","hentry"],"jetpack_likes_enabled":true,"jetpack_sharing_enabled":true,"jetpack-related-posts":[],"rttpg_featured_image_url":null,"rttpg_author":{"display_name":"Administrador","author_link":"https:\/\/afaescolalamitjana.cat\/ampa\/author\/administrador\/"},"rttpg_comment":0,"rttpg_category":null,"rttpg_excerpt":"AV\u00cdS LEGAL Aquesta p\u00e0gina Web \u00e9s propietat de AMPA ESCOLA [&hellip;]","_links":{"self":[{"href":"https:\/\/afaescolalamitjana.cat\/ampa\/wp-json\/wp\/v2\/pages\/3","targetHints":{"allow":["GET"]}}],"collection":[{"href":"https:\/\/afaescolalamitjana.cat\/ampa\/wp-json\/wp\/v2\/pages"}],"about":[{"href":"https:\/\/afaescolalamitjana.cat\/ampa\/wp-json\/wp\/v2\/types\/page"}],"author":[{"embeddable":true,"href":"https:\/\/afaescolalamitjana.cat\/ampa\/wp-json\/wp\/v2\/users\/1"}],"replies":[{"embeddable":true,"href":"https:\/\/afaescolalamitjana.cat\/ampa\/wp-json\/wp\/v2\/comments?post=3"}],"version-history":[{"count":5,"href":"https:\/\/afaescolalamitjana.cat\/ampa\/wp-json\/wp\/v2\/pages\/3\/revisions"}],"predecessor-version":[{"id":1433,"href":"https:\/\/afaescolalamitjana.cat\/ampa\/wp-json\/wp\/v2\/pages\/3\/revisions\/1433"}],"up":[{"embeddable":true,"href":"https:\/\/afaescolalamitjana.cat\/ampa\/wp-json\/wp\/v2\/pages\/54"}],"wp:attachment":[{"href":"https:\/\/afaescolalamitjana.cat\/ampa\/wp-json\/wp\/v2\/media?parent=3"}],"curies":[{"name":"wp","href":"https:\/\/api.w.org\/{rel}","templated":true}]}}