{"id":48,"date":"2019-02-08T09:49:34","date_gmt":"2019-02-08T08:49:34","guid":{"rendered":"https:\/\/afaescolalamitjana.cat\/ampa\/?page_id=48"},"modified":"2022-03-14T14:08:09","modified_gmt":"2022-03-14T13:08:09","slug":"estatuts","status":"publish","type":"page","link":"https:\/\/afaescolalamitjana.cat\/ampa\/afa\/estatuts\/","title":{"rendered":"Estatuts"},"content":{"rendered":"\r\n<p>Els estatuts \u00e9s el document b\u00e0sic que recull els principis fonamentals de l&#8217;associaci\u00f3 aix\u00ed com la seva estructura, organitzaci\u00f3 i funcionament.<\/p>\r\n<p><a href=\"https:\/\/afaescolalamitjana.cat\/wp-content\/uploads\/2022\/03\/Estatuts_diligenciats_2022_AFA.pdf\" target=\"_blank\" rel=\"noopener\">Estatuts_diligenciats_2022_AFA<\/a>\u00a0<\/p>\r\n\r\n\r\n","protected":false},"excerpt":{"rendered":"<p>Els estatuts \u00e9s el document b\u00e0sic que recull els principis [&hellip;]<\/p>\n","protected":false},"author":1,"featured_media":0,"parent":54,"menu_order":0,"comment_status":"closed","ping_status":"closed","template":"","meta":{"advanced_seo_description":"","jetpack_seo_html_title":"","jetpack_seo_noindex":false,"jetpack_post_was_ever_published":false,"footnotes":""},"class_list":["post-48","page","type-page","status-publish","hentry"],"jetpack_likes_enabled":true,"jetpack_sharing_enabled":true,"jetpack-related-posts":[],"rttpg_featured_image_url":null,"rttpg_author":{"display_name":"Administrador","author_link":"https:\/\/afaescolalamitjana.cat\/ampa\/author\/administrador\/"},"rttpg_comment":0,"rttpg_category":null,"rttpg_excerpt":"Els estatuts \u00e9s el document b\u00e0sic que recull els principis [&hellip;]","_links":{"self":[{"href":"https:\/\/afaescolalamitjana.cat\/ampa\/wp-json\/wp\/v2\/pages\/48","targetHints":{"allow":["GET"]}}],"collection":[{"href":"https:\/\/afaescolalamitjana.cat\/ampa\/wp-json\/wp\/v2\/pages"}],"about":[{"href":"https:\/\/afaescolalamitjana.cat\/ampa\/wp-json\/wp\/v2\/types\/page"}],"author":[{"embeddable":true,"href":"https:\/\/afaescolalamitjana.cat\/ampa\/wp-json\/wp\/v2\/users\/1"}],"replies":[{"embeddable":true,"href":"https:\/\/afaescolalamitjana.cat\/ampa\/wp-json\/wp\/v2\/comments?post=48"}],"version-history":[{"count":10,"href":"https:\/\/afaescolalamitjana.cat\/ampa\/wp-json\/wp\/v2\/pages\/48\/revisions"}],"predecessor-version":[{"id":3168,"href":"https:\/\/afaescolalamitjana.cat\/ampa\/wp-json\/wp\/v2\/pages\/48\/revisions\/3168"}],"up":[{"embeddable":true,"href":"https:\/\/afaescolalamitjana.cat\/ampa\/wp-json\/wp\/v2\/pages\/54"}],"wp:attachment":[{"href":"https:\/\/afaescolalamitjana.cat\/ampa\/wp-json\/wp\/v2\/media?parent=48"}],"curies":[{"name":"wp","href":"https:\/\/api.w.org\/{rel}","templated":true}]}}