{"id":54,"date":"2019-02-08T10:02:55","date_gmt":"2019-02-08T09:02:55","guid":{"rendered":"https:\/\/afaescolalamitjana.cat\/ampa\/?page_id=54"},"modified":"2025-01-30T13:14:17","modified_gmt":"2025-01-30T12:14:17","slug":"afa","status":"publish","type":"page","link":"https:\/\/afaescolalamitjana.cat\/ampa\/afa\/","title":{"rendered":"AFA"},"content":{"rendered":"<h4>La Junta de l&#8217;AFA<\/h4>\r\n<h4 style=\"text-align: center;\"><strong>Presidenta<\/strong><\/h4>\r\n<h5 style=\"text-align: center;\">S\u00f2nia Cinca Farr\u00e9<\/h5>\r\n<p>&nbsp;<\/p>\r\n<h4 style=\"text-align: center;\"><strong>Secret\u00e0ria<\/strong><\/h4>\r\n<h5 style=\"text-align: center;\">Laura Romero Micieces<\/h5>\r\n<p>&nbsp;<\/p>\r\n<h4 style=\"text-align: center;\"><strong>Tresorera<\/strong><\/h4>\r\n<h5 style=\"text-align: center;\">Diana Ros Catll\u00e0<\/h5>\r\n<p>&nbsp;<\/p>\r\n<h4 style=\"text-align: center;\"><strong>Vocals<\/strong><\/h4>\r\n<h5 style=\"text-align: center;\">Ester Borda Perera<\/h5>\r\n<h5 style=\"text-align: center;\">Lorena Vi\u00f1es Pi\u00f1ol<\/h5>\r\n<h5 style=\"text-align: center;\">Jara Mora Mu\u00f1oz<\/h5>\r\n<h5 style=\"text-align: center;\">\u00c0ngels Lara Laballa<\/h5>\r\n<h5 style=\"text-align: center;\">M\u00aa Paz Alarc\u00f3n Ruiz<\/h5>\r\n<h5 style=\"text-align: center;\">F\u00e1tima Suastegui Baqu\u00e9<\/h5>\r\n<h5 style=\"text-align: center;\">Eva Cazorla<\/h5>\r\n<h5 style=\"text-align: center;\">Adri\u00e0 Miquel<\/h5>\r\n<h5 style=\"text-align: center;\">Ingrid Betriu<\/h5>\r\n<h5 style=\"text-align: center;\">Elisabeth Egea<\/h5>\r\n<h5 style=\"text-align: center;\">Vanesa Alfaro<\/h5>\r\n\r\n<p>&nbsp;<\/p>\r\n\r\n<p>&nbsp;<\/p>\r\n<h4 style=\"text-align: center;\"><strong>Col\u00b7laborador Web<\/strong><\/h4>\r\n<h5 style=\"text-align: center;\">Adolfo Cano Rom\u00e1n<\/h5>\r\n<p>&nbsp;<\/p>\r\n<p>&nbsp;<\/p>\r\n<h4 style=\"text-align: center;\"><strong>Suport Administratiu<\/strong><\/h4>\r\n<h5 style=\"text-align: center;\">Judit Llin\u00e0s Calzada<\/h5>\r\n\r\n<p>&nbsp;<\/p>\r\n","protected":false},"excerpt":{"rendered":"<p>La Junta de l&#8217;AFA Presidenta S\u00f2nia Cinca Farr\u00e9 &nbsp; Secret\u00e0ria [&hellip;]<\/p>\n","protected":false},"author":1,"featured_media":0,"parent":0,"menu_order":0,"comment_status":"closed","ping_status":"closed","template":"","meta":{"advanced_seo_description":"","jetpack_seo_html_title":"","jetpack_seo_noindex":false,"jetpack_post_was_ever_published":false,"footnotes":""},"class_list":["post-54","page","type-page","status-publish","hentry"],"jetpack_likes_enabled":true,"jetpack_sharing_enabled":true,"jetpack-related-posts":[],"rttpg_featured_image_url":null,"rttpg_author":{"display_name":"Administrador","author_link":"https:\/\/afaescolalamitjana.cat\/ampa\/author\/administrador\/"},"rttpg_comment":0,"rttpg_category":null,"rttpg_excerpt":"La Junta de l&#8217;AFA Presidenta S\u00f2nia Cinca Farr\u00e9 &nbsp; Secret\u00e0ria [&hellip;]","_links":{"self":[{"href":"https:\/\/afaescolalamitjana.cat\/ampa\/wp-json\/wp\/v2\/pages\/54","targetHints":{"allow":["GET"]}}],"collection":[{"href":"https:\/\/afaescolalamitjana.cat\/ampa\/wp-json\/wp\/v2\/pages"}],"about":[{"href":"https:\/\/afaescolalamitjana.cat\/ampa\/wp-json\/wp\/v2\/types\/page"}],"author":[{"embeddable":true,"href":"https:\/\/afaescolalamitjana.cat\/ampa\/wp-json\/wp\/v2\/users\/1"}],"replies":[{"embeddable":true,"href":"https:\/\/afaescolalamitjana.cat\/ampa\/wp-json\/wp\/v2\/comments?post=54"}],"version-history":[{"count":29,"href":"https:\/\/afaescolalamitjana.cat\/ampa\/wp-json\/wp\/v2\/pages\/54\/revisions"}],"predecessor-version":[{"id":3557,"href":"https:\/\/afaescolalamitjana.cat\/ampa\/wp-json\/wp\/v2\/pages\/54\/revisions\/3557"}],"wp:attachment":[{"href":"https:\/\/afaescolalamitjana.cat\/ampa\/wp-json\/wp\/v2\/media?parent=54"}],"curies":[{"name":"wp","href":"https:\/\/api.w.org\/{rel}","templated":true}]}}